{"id":1771,"date":"2020-01-22T10:49:54","date_gmt":"2020-01-22T10:49:54","guid":{"rendered":"https:\/\/ritone.lv\/?page_id=1771"},"modified":"2025-12-08T14:39:39","modified_gmt":"2025-12-08T14:39:39","slug":"kontakti","status":"publish","type":"page","link":"https:\/\/ritone.lv\/callcenter\/lv\/kontakti\/","title":{"rendered":"Kontakti"},"content":{"rendered":"<p>[vc_row full_width=&#8221;stretch_row&#8221; content_placement=&#8221;middle&#8221; css=&#8221;.vc_custom_1564999324734{padding-bottom: 50px !important;}&#8221;][vc_column css=&#8221;.vc_custom_1543323960925{padding-top: 18px !important;padding-left: 30px !important;}&#8221; el_class=&#8221;pr-lg-2&#8243;][vc_row_inner][vc_column_inner width=&#8221;1\/3&#8243;]<div class=\"feature-box-wrapper light-content feature-box-style-1 text-left vc_custom_1719923228621 shortcode-rand-1 seoaal-inline-css feature-list-1\" data-css=\"&quot;.shortcode-rand-1.feature-box-wrapper .section-title { color: #ffffff; }.shortcode-rand-1.feature-box-wrapper .section-title &gt; a { color: #ffffff; }.shortcode-rand-1.feature-box-wrapper { color: #ffffff; }.shortcode-rand-1.feature-box-wrapper .fbox-list .media-body &gt; *:nth-child(1) { margin-bottom: 8px; }.shortcode-rand-1.feature-box-wrapper .fbox-list .media-body &gt; *:nth-child(2) { margin-bottom: 0px; }.shortcode-rand-1.feature-box-wrapper {background: -moz-linear-gradient(141deg,  0%,  51%,  75%);\\r\\n\\t\\t\\t\\tbackground: -webkit-linear-gradient(141deg,  0%,  51%,  75%);\\r\\n\\t\\t\\t\\tbackground: linear-gradient(141deg,  0%,  51%,  75%);}.shortcode-rand-1 .feature-box-icon { font-size: 40px; }.shortcode-rand-1 .feature-box-icon { color: #ffffff; }.shortcode-rand-1:hover .feature-box-icon { color: #292391; }&quot;\"><div class=\"fbox-list\"><div class=\"media\"><div class=\"feature-box-icon mr-4 text-center squared none\"><span class=\"ti-headphone\"><\/span><\/div><!-- .feature-box-icon --><div class=\"media-body\"><div class=\"feature-box-title\"><h5 class=\"section-title\">Telefoni<\/h5><\/div><!-- .feature-box-title --><div class=\"feature-box-content\"><strong>Tel.<\/strong>: +371 20015865<\/div><!-- .feature-box-content --><\/div><\/div><\/div><\/div><!-- .feature-box-wrapper -->[\/vc_column_inner][vc_column_inner width=&#8221;1\/3&#8243;]<div class=\"feature-box-wrapper feature-box-style-1 text-left vc_custom_1765188513516 shortcode-rand-2 seoaal-inline-css feature-list-1\" data-css=\"&quot;.shortcode-rand-2.feature-box-wrapper .section-title { color: #151515; }.shortcode-rand-2.feature-box-wrapper .section-title &gt; a { color: #151515; }.shortcode-rand-2.feature-box-wrapper { color: #000000; }.shortcode-rand-2.feature-box-wrapper .fbox-list .media-body &gt; *:nth-child(1) { margin-bottom: 8px; }.shortcode-rand-2.feature-box-wrapper .fbox-list .media-body &gt; *:nth-child(2) { margin-bottom: 0; }.shortcode-rand-2.feature-box-wrapper {background: -moz-linear-gradient(141deg,  0%,  51%,  75%);\\r\\n\\t\\t\\t\\tbackground: -webkit-linear-gradient(141deg,  0%,  51%,  75%);\\r\\n\\t\\t\\t\\tbackground: linear-gradient(141deg,  0%,  51%,  75%);}.shortcode-rand-2 .feature-box-icon { font-size: 40px; }.shortcode-rand-2 .feature-box-icon { color: #e53e8e; }.shortcode-rand-2:hover .feature-box-icon { color: #292391; }&quot;\"><div class=\"fbox-list\"><div class=\"media\"><div class=\"feature-box-icon mr-4 text-center squared none\"><span class=\"ti-home\"><\/span><\/div><!-- .feature-box-icon --><div class=\"media-body\"><div class=\"feature-box-title\"><h5 class=\"section-title\">Adrese<\/h5><\/div><!-- .feature-box-title --><div class=\"feature-box-content\"><strong>Kurzemes prospekts 3D,<\/strong><\/p>\n<p><strong> R\u012bga, <\/strong><strong>LV-1067, Latvia<\/strong><\/p>\n<div id=\"gtx-trans\">\n<div class=\"gtx-trans-icon\"><\/div>\n<\/div>\n<p><\/div><!-- .feature-box-content --><\/div><\/div><\/div><\/div><!-- .feature-box-wrapper -->[\/vc_column_inner][vc_column_inner width=&#8221;1\/3&#8243;]<div class=\"feature-box-wrapper feature-box-style-1 text-left vc_custom_1580393865459 shortcode-rand-3 seoaal-inline-css feature-list-1\" data-css=\"&quot;.shortcode-rand-3.feature-box-wrapper .section-title { color: #151515; }.shortcode-rand-3.feature-box-wrapper .section-title &gt; a { color: #151515; }.shortcode-rand-3.feature-box-wrapper { color: #000000; }.shortcode-rand-3.feature-box-wrapper .fbox-list .media-body &gt; *:nth-child(1) { margin-bottom: 8px; }.shortcode-rand-3.feature-box-wrapper .fbox-list .media-body &gt; *:nth-child(2) { margin-bottom: 0px; }.shortcode-rand-3.feature-box-wrapper {background: -moz-linear-gradient(141deg,  0%,  51%,  75%);\\r\\n\\t\\t\\t\\tbackground: -webkit-linear-gradient(141deg,  0%,  51%,  75%);\\r\\n\\t\\t\\t\\tbackground: linear-gradient(141deg,  0%,  51%,  75%);}.shortcode-rand-3 .feature-box-icon { font-size: 40px; }.shortcode-rand-3 .feature-box-icon { color: #e53e8e; }.shortcode-rand-3:hover .feature-box-icon { color: #292391; }&quot;\"><div class=\"fbox-list\"><div class=\"media\"><div class=\"feature-box-icon mr-4 text-center squared none\"><span class=\"ti-email\"><\/span><\/div><!-- .feature-box-icon --><div class=\"media-body\"><div class=\"feature-box-title\"><h5 class=\"section-title\">E-pasts<\/h5><\/div><!-- .feature-box-title --><div class=\"feature-box-content\"><strong>E-mail:<\/strong> <a href=\"mailto:info@ritone.lv\">info@ritone.lv<\/a><\/div><!-- .feature-box-content --><\/div><\/div><\/div><\/div><!-- .feature-box-wrapper -->[\/vc_column_inner][\/vc_row_inner][\/vc_column][\/vc_row][vc_row full_width=&#8221;stretch_row&#8221; css=&#8221;.vc_custom_1564999205604{padding-top: 70px !important;background-image: url(http:\/\/demo.zozothemes.com\/seoaal\/wp-content\/uploads\/sites\/40\/sites\/27\/2019\/02\/bg-pattern.jpg?id=2288) !important;background-position: 0 0 !important;background-repeat: repeat !important;}&#8221;][vc_column offset=&#8221;vc_col-lg-6 vc_col-md-6&#8243;][\/vc_column][vc_column el_class=&#8221;pl-lg-5&#8243; offset=&#8221;vc_col-lg-6 vc_col-md-6&#8243;]<div class=\"section-title-wrapper margin-bottom-50 text-left shortcode-rand-4 seoaal-inline-css\" data-css=\"&quot;.shortcode-rand-4 .background-title { font-family:Dancing Script;font-weight:400;font-style:normal }.shortcode-rand-4 .background-title { color: #f0f0f0; }.shortcode-rand-4 .title-wrap { margin: 0 0 45px 0; }.shortcode-rand-4.section-title-wrapper { color: rgba(0,0,0,0.6); }.shortcode-rand-4 .section-title { color: #151515; text-transform: none; }&quot;\"><div class=\"title-wrap bg-title-enabled\"><h3 class=\"section-title\">Rakstiet mums<\/h3><\/div><!-- .title-wrap --><div class=\"section-description\"><\/div><!-- .section-description --><div class=\"button-section\"><\/div><!-- .button-section --><\/div><!-- .section-title-wrapper -->[vc_column_text]<style type=\"text\/css\">#ipt_fsqm_form_wrap_9 .ipt_fsqm_form_logo img,\n\t#ipt_fsqm_form_wrap_9 .ipt-eform-width-restrain,\n\t#ipt_fsqm_form_wrap_9 .ipt_fsqm_form_message_restore,\n\t#ipt_fsqm_form_wrap_9 .ipt_fsqm_form_message_success,\n\t#ipt_fsqm_form_wrap_9 .ipt_fsqm_form_message_error,\n\t#ipt_fsqm_form_wrap_9 .ipt_fsqm_form_message_process,\n\t#ipt_fsqm_form_wrap_9 .ipt_fsqm_form_validation_error,\n\t#ipt_fsqm_form_wrap_9 .eform-ui-estimator {\n\t\tmax-width: 980px;\n\t\tmin-width: 240px;\n\t}\n\n\t\/**\/<\/style><div\nid=\"ipt_fsqm_form_wrap_9\" class=\"ipt_uif_front ipt_uif_common ipt_fsqm_form type_0 ui-front eform-ltr eform-override-element-boxy eform-override-alignment-inherit\" data-fsqmsayt=\"{&quot;auto_save&quot;:false,&quot;show_restore&quot;:true,&quot;restore&quot;:false,&quot;admin_override&quot;:false,&quot;user_update&quot;:false,&quot;interval_save&quot;:false,&quot;interval&quot;:&quot;30&quot;}\" data-ui-type=\"0\" data-ui-theme=\"[&quot;https:\\\/\\\/ritone.lv\\\/callcenter\\\/wp-content\\\/plugins\\\/wp-fsqm-pro\\\/static\\\/front\\\/css\\\/material-themes\\\/light-themes\\\/teal.css?ver=4.12.0&quot;]\" data-ui-theme-id=\"material-default\" data-eformanim=\"1\" data-fsqmga=\"{&quot;enabled&quot;:false,&quot;manual_load&quot;:false,&quot;tracking_id&quot;:&quot;&quot;,&quot;cookie&quot;:&quot;auto&quot;,&quot;user_update&quot;:false,&quot;name&quot;:&quot;Kontakt forma LV&quot;,&quot;form_id&quot;:&quot;9&quot;}\" data-fsqmreset=\"{&quot;reset&quot;:false,&quot;delay&quot;:10}\" data-eformreg=\"{&quot;enabled&quot;:false,&quot;username_id&quot;:&quot;ipt_fsqm_form_9_pinfo_&quot;,&quot;password_id&quot;:&quot;ipt_fsqm_form_9_pinfo_&quot;,&quot;hide_pinfo&quot;:false,&quot;hide_meta&quot;:false,&quot;meta&quot;:[]}\" data-eformscroll=\"{&quot;progress&quot;:true,&quot;message&quot;:true,&quot;offset&quot;:&quot;0&quot;}\" data-eform-cookie=\"0\" data-subscription-form=\"false\">\n<noscript><div\nclass=\"ipt_fsqm_form_message_noscript ui-widget ui-widget-content ui-corner-all\"><div\nclass=\"ui-helper-reset ui-helper-clearfix ui-widget-header ui-corner-all\"><h3>Javascript is disabled<\/h3><\/div><div\nclass=\"ui-widget-content ui-corner-bottom\"><p>Javascript is disabled on your browser. Please enable it in order to use this form.<\/p><\/div><\/div>\n<\/noscript><style type=\"text\/css\">.ipt_uif_ajax_loader,\n\t\t\t.ipt_uif_ajax_loader *,\n\t\t\tipt_uif_ajax_loader *::before,\n\t\t\tipt_uif_ajax_loader *::after {\n\t\t\t\tbox-sizing: border-box;\n\t\t\t}<\/style><div\nclass=\"ipt_uif_init_loader ipt-eform-preloader-inline ipt_uif_ajax_loader\"><div\nclass=\"ipt-eform-preloader-inner\"><div\nclass=\"ipt-eform-preloader-circle\"><div\nclass=\"preloader-wrapper active\"><div\nclass=\"spinner-layer spinner-blue\"><div\nclass=\"circle-clipper left\"><div\nclass=\"circle\"><\/div><\/div><div\nclass=\"gap-patch\"><div\nclass=\"circle\"><\/div><\/div><div\nclass=\"circle-clipper right\"><div\nclass=\"circle\"><\/div><\/div><\/div><div\nclass=\"spinner-layer spinner-red\"><div\nclass=\"circle-clipper left\"><div\nclass=\"circle\"><\/div><\/div><div\nclass=\"gap-patch\"><div\nclass=\"circle\"><\/div><\/div><div\nclass=\"circle-clipper right\"><div\nclass=\"circle\"><\/div><\/div><\/div><div\nclass=\"spinner-layer spinner-yellow\"><div\nclass=\"circle-clipper left\"><div\nclass=\"circle\"><\/div><\/div><div\nclass=\"gap-patch\"><div\nclass=\"circle\"><\/div><\/div><div\nclass=\"circle-clipper right\"><div\nclass=\"circle\"><\/div><\/div><\/div><div\nclass=\"spinner-layer spinner-green\"><div\nclass=\"circle-clipper left\"><div\nclass=\"circle\"><\/div><\/div><div\nclass=\"gap-patch\"><div\nclass=\"circle\"><\/div><\/div><div\nclass=\"circle-clipper right\"><div\nclass=\"circle\"><\/div><\/div><\/div><\/div><\/div><div\nclass=\"ipt-eform-preloader-text\"><div\nclass=\"ipt-eform-preloader-text-inner ipt_uif_ajax_loader_text\">Loading<\/div><\/div><div\nclass=\"clear\"><\/div><\/div><\/div>\n<input\ntype=\"hidden\" data-sayt-exclude class=\"ipt_uif_conditional_logic\" id=\"ipt_uif_conditional_logic_9\" value=\"{&quot;logics&quot;:[],&quot;indexes&quot;:[],&quot;base&quot;:&quot;9&quot;}\" \/>\n<input\ntype=\"hidden\" data-sayt-exclude class=\"ipt_fsqm_timer_data\" id=\"ipt_fsqm_timer_data_9\" value=\"{&quot;type&quot;:&quot;none&quot;}\" \/>\n<input\ntype=\"hidden\" data-sayt-exclude class=\"ipt_fsqm_epoc_data\" id=\"ipt_fsqm_epoc_data_9\" value=\"{&quot;CURRENTYEAR&quot;:2026,&quot;CURRENTDATE&quot;:1778417369000,&quot;CURRENTDAY&quot;:10,&quot;CURRENTMONTH&quot;:5,&quot;CURRENTHOUR&quot;:12,&quot;CURRENTMINUTE&quot;:49,&quot;CURRENTSECOND&quot;:29,&quot;CURRENTWEEK&quot;:19,&quot;CURRENTEPOC&quot;:20583}\" \/><div\nstyle=\"display: none;\" class=\"ipt_uif_hidden_init\"><form\nmethod=\"post\" action=\"\" class=\"ipt_uif_validate_form ipt_fsqm_main_form\" id=\"ipt_fsqm_form_9\" autocomplete=\"on\">\n<input\ntype=\"hidden\" data-sayt-exclude name=\"action\" id=\"action\" value=\"ipt_fsqm_save_form\" \/>\n<input\ntype=\"hidden\" data-sayt-exclude name=\"ipt_fsqm_epoc\" class=\"eform-epoc-value\" value=\"1778417369\" \/>\n<input\ntype=\"hidden\" class=\"ipt_fsqm_form_tab_pos\" name=\"fsqm_form9_tab_pos\" value=\"0\" id=\"fsqm_form9_tab_pos\" \/>\n<input\ntype=\"hidden\" id=\"ipt_fsqm_form_data_save\" name=\"ipt_fsqm_form_data_save\" value=\"bc56c6a7c6\" data-sayt-exclude \/>\t\t\t<input\ntype=\"hidden\" name=\"_wp_http_referer\" value=\"\/callcenter\/wp-json\/wp\/v2\/pages\/1771\" \/>\n<input\ntype=\"hidden\" data-sayt-exclude name=\"form_id\" value=\"9\" \/><div\nclass=\"ipt-eform-width-restrain\"><div\nclass=\"ipt-eform-content \"><div\nid=\"ipt_fsqm_form_9_layout_0_inner\" class=\"ipt-eform-layout-wrapper\"><div\nclass=\"ipt_uif_column ipt_uif_column_full ipt_uif_conditional ipt_fsqm_main_heading_column\"><div\nclass=\"ipt_uif_column_inner\"><h3 class=\"ipt_fsqm_main_heading ipt_uif_heading ipt_uif_divider ipt_uif_align_left ipt_uif_divider_no_icon ipt_uif_divider_icon_no_bg\">\n<span\nclass=\"ipt_uif_divider_text\">\n<span\nclass=\"ipt_uif_divider_text_inner\">\nSazi\u0146as forma<span\nclass=\"subtitle\"><\/span>\t\t\t\t<\/span>\n<\/span><\/h3><div\nclass=\"clear-both\"><\/div><\/div><\/div>\n<input\ntype=\"hidden\" data-sayt-exclude name=\"ipt_fsqm_form_9[pinfo][0][m_type]\" id=\"ipt_fsqm_form_9_pinfo_0_m_type\" value=\"pinfo\" class=\"ipt_fsqm_hf_m_type\" \/>\n<input\ntype=\"hidden\" data-sayt-exclude name=\"ipt_fsqm_form_9[pinfo][0][type]\" id=\"ipt_fsqm_form_9_pinfo_0_type\" value=\"f_name\" class=\"ipt_fsqm_hf_type\" \/><div\nclass=\"ipt_uif_column ipt_uif_column_full ipt_uif_conditional ipt_fsqm_container_f_name\" id=\"ipt_fsqm_form_9_pinfo_0\"><div\nclass=\"ipt_uif_column_inner side_margin\"><div\nclass=\"ipt_uif_question ipt_uif_question_vertical ipt_uif_question_full\"><div\nclass=\"ipt_uif_question_content\"><div\nclass=\"input-field has-icon\">\n<input\nclass=\" check_me validate[required,custom[personName]] ipt_uif_text\"\ntype=\"text\"\nname=\"ipt_fsqm_form_9[pinfo][0][value]\"\nid=\"ipt_fsqm_form_9_pinfo_0_value\"\nmaxlength=\"\"\t\tvalue=\"\" \/>\n<i\ntitle=\"\" class=\" ipticm prefix\" data-ipt-icomoon=\"&#xf007;\"><\/i>\n<label\nfor=\"ipt_fsqm_form_9_pinfo_0_value\">V\u0101rds<\/label><\/div><div\nclass=\"clear-both\"><\/div><\/div><\/div><div\nclass=\"clear-both\"><\/div><\/div><\/div>\n<input\ntype=\"hidden\" data-sayt-exclude name=\"ipt_fsqm_form_9[pinfo][2][m_type]\" id=\"ipt_fsqm_form_9_pinfo_2_m_type\" value=\"pinfo\" class=\"ipt_fsqm_hf_m_type\" \/>\n<input\ntype=\"hidden\" data-sayt-exclude name=\"ipt_fsqm_form_9[pinfo][2][type]\" id=\"ipt_fsqm_form_9_pinfo_2_type\" value=\"email\" class=\"ipt_fsqm_hf_type\" \/><div\nclass=\"ipt_uif_column ipt_uif_column_full ipt_uif_conditional ipt_fsqm_container_email\" id=\"ipt_fsqm_form_9_pinfo_2\"><div\nclass=\"ipt_uif_column_inner side_margin\"><div\nclass=\"ipt_uif_question ipt_uif_question_vertical ipt_uif_question_full\"><div\nclass=\"ipt_uif_question_content\"><div\nclass=\"input-field has-icon\">\n<input\nclass=\" check_me validate[required,custom[email]] ipt_uif_text\"\ntype=\"email\"\nname=\"ipt_fsqm_form_9[pinfo][2][value]\"\nid=\"ipt_fsqm_form_9_pinfo_2_value\"\nvalue=\"\" \/>\n<i\ntitle=\"\" class=\" ipticm prefix\" data-ipt-icomoon=\"&#xf0e0;\"><\/i>\n<label\nfor=\"ipt_fsqm_form_9_pinfo_2_value\">E-pasts<\/label><\/div><div\nclass=\"clear-both\"><\/div><\/div><\/div><div\nclass=\"clear-both\"><\/div><\/div><\/div>\n<input\ntype=\"hidden\" data-sayt-exclude name=\"ipt_fsqm_form_9[pinfo][3][m_type]\" id=\"ipt_fsqm_form_9_pinfo_3_m_type\" value=\"pinfo\" class=\"ipt_fsqm_hf_m_type\" \/>\n<input\ntype=\"hidden\" data-sayt-exclude name=\"ipt_fsqm_form_9[pinfo][3][type]\" id=\"ipt_fsqm_form_9_pinfo_3_type\" value=\"phone\" class=\"ipt_fsqm_hf_type\" \/><div\nclass=\"ipt_uif_column ipt_uif_column_full ipt_uif_conditional ipt_fsqm_container_phone\" id=\"ipt_fsqm_form_9_pinfo_3\"><div\nclass=\"ipt_uif_column_inner side_margin\"><div\nclass=\"ipt_uif_question ipt_uif_question_vertical ipt_uif_question_full\"><div\nclass=\"ipt_uif_question_content\"><div\nclass=\"input-field has-icon\">\n<input\nclass=\" check_me validate[custom[phone]] ipt_uif_text\"\ntype=\"tel\"\nname=\"ipt_fsqm_form_9[pinfo][3][value]\"\nid=\"ipt_fsqm_form_9_pinfo_3_value\"\nmaxlength=\"\"\t\tvalue=\"\" \/>\n<i\ntitle=\"\" class=\" ipticm prefix\" data-ipt-icomoon=\"&#xe08c;\"><\/i>\n<label\nfor=\"ipt_fsqm_form_9_pinfo_3_value\">Telefons<\/label><\/div><div\nclass=\"clear-both\"><\/div><\/div><\/div><div\nclass=\"clear-both\"><\/div><\/div><\/div>\n<input\ntype=\"hidden\" data-sayt-exclude name=\"ipt_fsqm_form_9[freetype][0][m_type]\" id=\"ipt_fsqm_form_9_freetype_0_m_type\" value=\"freetype\" class=\"ipt_fsqm_hf_m_type\" \/>\n<input\ntype=\"hidden\" data-sayt-exclude name=\"ipt_fsqm_form_9[freetype][0][type]\" id=\"ipt_fsqm_form_9_freetype_0_type\" value=\"feedback_large\" class=\"ipt_fsqm_hf_type\" \/><div\nclass=\"ipt_uif_column ipt_uif_column_full ipt_uif_conditional ipt_fsqm_container_feedback_large\" id=\"ipt_fsqm_form_9_freetype_0\"><div\nclass=\"ipt_uif_column_inner side_margin\"><div\nclass=\"ipt_uif_question ipt_uif_question_vertical\"><div\nclass=\"ipt_uif_question_label\">\n<label\nclass=\"ipt_uif_question_title ipt_uif_label\" for=\"ipt_fsqm_form_9_freetype_0_value\">J\u016bsu zi\u0146a<span\nclass=\"ipt_uif_question_required\">*<\/span><\/label><div\nclass=\"clear-both\"><\/div><\/div><div\nclass=\"ipt_uif_question_content\"><div\nclass=\"input-field has-icon\"><textarea class=\"ipt_uif_textarea materialize-textarea  check_me validate[required]\"\n\t\trows=\"4\"\n\t\t\t\t\t\t\t\tname=\"ipt_fsqm_form_9[freetype][0][value]\"\n\t\tmaxlength=\"\"\t\tid=\"ipt_fsqm_form_9_freetype_0_value\"><\/textarea><i\ntitle=\"\" class=\" ipticm prefix\" data-ipt-icomoon=\"&#xe056;\"><\/i>\n<label\nfor=\"ipt_fsqm_form_9_freetype_0_value\">J\u016bsu zi\u0146a<\/label><\/div><div\nclass=\"clear-both\"><\/div><\/div><\/div><div\nclass=\"clear-both\"><\/div><\/div><\/div>\n<input\ntype=\"hidden\" data-sayt-exclude name=\"ipt_fsqm_form_9[design][0][m_type]\" id=\"ipt_fsqm_form_9_design_0_m_type\" value=\"design\" class=\"ipt_fsqm_hf_m_type\" \/>\n<input\ntype=\"hidden\" data-sayt-exclude name=\"ipt_fsqm_form_9[design][0][type]\" id=\"ipt_fsqm_form_9_design_0_type\" value=\"recaptcha\" class=\"ipt_fsqm_hf_type\" \/><div\nclass=\"ipt_uif_column ipt_uif_column_full ipt_uif_conditional ipt_fsqm_container_recaptcha\" id=\"ipt_fsqm_form_9_design_0\"><div\nclass=\"ipt_uif_column_inner side_margin\">\n<input\ntype=\"hidden\" name=\"ipt_fsqm_form_9[design][0][recaptcha]\" id=\"ipt_fsqm_form_9_design_0_recaptcha\" value=\"\" \/><div\nclass=\"eform-g-recaptcha\" data-sitekey=\"6Le_4dMUAAAAAIWoXJcgXk3-mRBYhoPUU8epmkeG\" data-theme=\"light\" data-type=\"image\" data-size=\"normal\"><\/div><div\nclass=\"clear-both\"><\/div><\/div><\/div><\/div><div\nclass=\"ipt_fsqm_terms_wrap ui-widget-content\"><div\nclass=\"ipt_uif_column ipt_uif_column_full ipt_uif_conditional\"><div\nclass=\"ipt_uif_column_inner side_margin\"><div\nclass=\"ipt_uif_label_column column_1\">\n<input\ntype=\"checkbox\"\nclass=\"check_me validate[required] ipt_uif_checkbox filled-in  ipt_uif_s_checkbox\"\nname=\"ipt_fsqm_terms_9\" id=\"ipt_fsqm_terms_9_1\"\nvalue=\"1\" \/>\n<label\nclass=\"eform-label-with-tabindex\" tabindex=\"0\" for=\"ipt_fsqm_terms_9_1\" data-labelcon=\"&#xe18e;\">\nIesniedzot \u0161o formu, j\u016bs ar \u0161o piekr\u012btat pie\u0146emt m\u016bsu <a\nhref=\"https:\/\/ritone.lv\/callcenter\/lv\/privacy-policy\/\" target=\"_blank\">Priv\u0101tuma politiku<\/a>. J\u016bsu IP adrese <strong>216.73.217.125<\/strong> tiks saglab\u0101ti m\u016bsu datu b\u0101z\u0113.\t\t\t\t<\/label><\/div><div\nclass=\"clear-both\"><\/div><div\nclass=\"clear-both\"><\/div><\/div><\/div><\/div><div\nclass=\"clear-both\"><\/div><div\nid=\"ipt_fsqm_form_9_button_container\" class=\"ipt_fsqm_form_button_container ipt_fsqm_form_button_container--classic ipt-eform-material-button-container\"><div\nclass=\"eform-button-container-inner\">\n<button\ntype=\"submit\" class=\"ipt_uif_button eform-material-button eform-ripple ipt_fsqm_form_button_submit medium primary-button\" name=\"ipt_fsqm_form_9_button_submit\" id=\"ipt_fsqm_form_9_button_submit\"> Nos\u016bt\u012bt<\/button><\/div><\/div><div\nclass=\"clear-both\"><\/div><\/div><\/div><\/form><\/div><div\nstyle=\"display: none;\" class=\"ipt_fsqm_form_message_success ui-widget ui-widget-content ui-corner-all ipt_uif_widget_box\"><div\nclass=\"ui-helper-reset ui-helper-clearfix ui-widget-header ui-corner-all\"><h3><i\ntitle=\"\" class=\" ipt-icomoon-checkmark-circle ipticm prefix\"><\/i>\nJ\u016bsu forma ir iesniegta<\/h3><\/div><div\nclass=\"ui-widget-content ui-corner-all ipt_fsqm_success_wrap\"><p>Paldies% NAME%, ka sazin\u0101j\u0101ties ar mums.<br\n\/>\nM\u0113s esam sa\u0146\u0113mu\u0161i j\u016bsu formu. Jus varat jebkur\u0101 laik\u0101 to apskat\u012bt, izmantojot \u0161o saiti:<br\n\/>\n<a\nhref=\"%TRACK_LINK%\">% TRACK_LINK% <\/a><br\n\/>\nM\u0113s esam pievienoju\u0161i ar\u012b j\u016bsu iesnieguma kopiju.<\/p><\/div><\/div><div\nstyle=\"display: none;\" class=\"ipt_fsqm_form_message_error ui-widget ui-widget-content ui-corner-all ipt_uif_widget_box\"><div\nclass=\"ui-helper-reset ui-helper-clearfix ui-widget-header ui-corner-all\"><h3><i\ntitle=\"\" class=\" ipt-icomoon-laptop ipticm prefix\"><\/i>\nServer Side Error<\/h3><\/div><div\nclass=\"ui-widget-content ui-corner-all\"><p>We faced problems while connecting to the server or receiving data from the server. Please wait for a few seconds and try again.<\/p><p>If the problem persists, then check your internet connectivity. If all other sites open fine, then please contact the administrator of this website with the following information.<\/p><p\nclass=\"jqXHR\">\n<strong>TextStatus: <\/strong><span\nclass=\"textStatus\">undefined<\/span><br\n\/>\n<strong>HTTP Error: <\/strong><span\nclass=\"errorThrown\">undefined<\/span><\/p><\/div><\/div><div\nstyle=\"display: none\" class=\"ipt_uif_widget_box ipt_fsqm_form_message_process\"><div\nclass=\"ui-widget ui-widget-header ui-corner-all\"><style type=\"text\/css\">.ipt_uif_ajax_loader,\n\t\t\t.ipt_uif_ajax_loader *,\n\t\t\tipt_uif_ajax_loader *::before,\n\t\t\tipt_uif_ajax_loader *::after {\n\t\t\t\tbox-sizing: border-box;\n\t\t\t}<\/style><div\nclass=\"ipt-eform-preloader-inline ipt_uif_ajax_loader\"><div\nclass=\"ipt-eform-preloader-inner\"><div\nclass=\"ipt-eform-preloader-circle\"><div\nclass=\"preloader-wrapper active\"><div\nclass=\"spinner-layer spinner-blue\"><div\nclass=\"circle-clipper left\"><div\nclass=\"circle\"><\/div><\/div><div\nclass=\"gap-patch\"><div\nclass=\"circle\"><\/div><\/div><div\nclass=\"circle-clipper right\"><div\nclass=\"circle\"><\/div><\/div><\/div><div\nclass=\"spinner-layer spinner-red\"><div\nclass=\"circle-clipper left\"><div\nclass=\"circle\"><\/div><\/div><div\nclass=\"gap-patch\"><div\nclass=\"circle\"><\/div><\/div><div\nclass=\"circle-clipper right\"><div\nclass=\"circle\"><\/div><\/div><\/div><div\nclass=\"spinner-layer spinner-yellow\"><div\nclass=\"circle-clipper left\"><div\nclass=\"circle\"><\/div><\/div><div\nclass=\"gap-patch\"><div\nclass=\"circle\"><\/div><\/div><div\nclass=\"circle-clipper right\"><div\nclass=\"circle\"><\/div><\/div><\/div><div\nclass=\"spinner-layer spinner-green\"><div\nclass=\"circle-clipper left\"><div\nclass=\"circle\"><\/div><\/div><div\nclass=\"gap-patch\"><div\nclass=\"circle\"><\/div><\/div><div\nclass=\"circle-clipper right\"><div\nclass=\"circle\"><\/div><\/div><\/div><\/div><\/div><div\nclass=\"ipt-eform-preloader-text\"><div\nclass=\"ipt-eform-preloader-text-inner ipt_uif_ajax_loader_text\">J\u016bsu piepras\u012bjums apstr\u0101de<\/div><\/div><div\nclass=\"clear\"><\/div><\/div><\/div><\/div><\/div><div\nstyle=\"display: none;\" class=\"ipt_fsqm_form_validation_error ui-widget ui-widget-content ui-corner-all ipt_uif_widget_box\"><div\nclass=\"ui-helper-reset ui-helper-clearfix ui-widget-header ui-corner-all\"><h3><i\ntitle=\"\" class=\" ipt-icomoon-warning2 ipticm prefix\"><\/i>\n<span\nclass=\"fsqm_ve_text\">Error<\/span><\/h3><\/div><div\nclass=\"ui-widget-content ui-corner-all\"><p\nclass=\"fsqm_ve_msg\">Some error has occured.<\/p><\/div><\/div><\/div>[\/vc_column_text][\/vc_column][\/vc_row]<\/p>\n","protected":false},"excerpt":{"rendered":"<p>[vc_row full_width=&#8221;stretch_row&#8221; content_placement=&#8221;middle&#8221; css=&#8221;.vc_custom_1564999324734{padding-bottom: 50px !important;}&#8221;][vc_column css=&#8221;.vc_custom_1543323960925{padding-top: 18px !important;padding-left: 30px !important;}&#8221; el_class=&#8221;pr-lg-2&#8243;][vc_row_inner][vc_column_inner width=&#8221;1\/3&#8243;][\/vc_column_inner][vc_column_inner width=&#8221;1\/3&#8243;][\/vc_column_inner][vc_column_inner width=&#8221;1\/3&#8243;][\/vc_column_inner][\/vc_row_inner][\/vc_column][\/vc_row][vc_row full_width=&#8221;stretch_row&#8221; css=&#8221;.vc_custom_1564999205604{padding-top: 70px !important;background-image: url(http:\/\/demo.zozothemes.com\/seoaal\/wp-content\/uploads\/sites\/40\/sites\/27\/2019\/02\/bg-pattern.jpg?id=2288) !important;background-position: 0 0 !important;background-repeat: repeat !important;}&#8221;][vc_column offset=&#8221;vc_col-lg-6 vc_col-md-6&#8243;][\/vc_column][vc_column el_class=&#8221;pl-lg-5&#8243; offset=&#8221;vc_col-lg-6 vc_col-md-6&#8243;][vc_column_text][\/vc_column_text][\/vc_column][\/vc_row]<\/p>\n","protected":false},"author":1,"featured_media":0,"parent":0,"menu_order":0,"comment_status":"closed","ping_status":"closed","template":"","meta":{"om_disable_all_campaigns":false,"_monsterinsights_skip_tracking":false,"_monsterinsights_sitenote_active":false,"_monsterinsights_sitenote_note":"","_monsterinsights_sitenote_category":0},"yst_prominent_words":[106,104,101,93,105,103,98,317,95,320,94,92,90,97,89,319,318,316,102,76],"lang":"lv","translations":{"lv":1771,"en":580},"pll_sync_post":[],"_links":{"self":[{"href":"https:\/\/ritone.lv\/callcenter\/wp-json\/wp\/v2\/pages\/1771"}],"collection":[{"href":"https:\/\/ritone.lv\/callcenter\/wp-json\/wp\/v2\/pages"}],"about":[{"href":"https:\/\/ritone.lv\/callcenter\/wp-json\/wp\/v2\/types\/page"}],"author":[{"embeddable":true,"href":"https:\/\/ritone.lv\/callcenter\/wp-json\/wp\/v2\/users\/1"}],"replies":[{"embeddable":true,"href":"https:\/\/ritone.lv\/callcenter\/wp-json\/wp\/v2\/comments?post=1771"}],"version-history":[{"count":8,"href":"https:\/\/ritone.lv\/callcenter\/wp-json\/wp\/v2\/pages\/1771\/revisions"}],"predecessor-version":[{"id":1999,"href":"https:\/\/ritone.lv\/callcenter\/wp-json\/wp\/v2\/pages\/1771\/revisions\/1999"}],"wp:attachment":[{"href":"https:\/\/ritone.lv\/callcenter\/wp-json\/wp\/v2\/media?parent=1771"}],"wp:term":[{"taxonomy":"yst_prominent_words","embeddable":true,"href":"https:\/\/ritone.lv\/callcenter\/wp-json\/wp\/v2\/yst_prominent_words?post=1771"}],"curies":[{"name":"wp","href":"https:\/\/api.w.org\/{rel}","templated":true}]}}